{"id":234,"date":"2025-09-17T11:54:14","date_gmt":"2025-09-17T09:54:14","guid":{"rendered":"https:\/\/altehafnerei.kirchmaier.org\/?page_id=234"},"modified":"2025-09-17T11:57:39","modified_gmt":"2025-09-17T09:57:39","slug":"datenschutz","status":"publish","type":"page","link":"https:\/\/altehafnerei.kirchmaier.org\/index.php\/datenschutz\/","title":{"rendered":"Datenschutz"},"content":{"rendered":"\t\t<div data-elementor-type=\"wp-page\" data-elementor-id=\"234\" class=\"elementor elementor-234\">\n\t\t\t\t<div class=\"elementor-element elementor-element-395683b8 e-con-full e-flex e-con e-parent\" data-id=\"395683b8\" data-element_type=\"container\">\n\t\t\t\t<div class=\"elementor-element elementor-element-4c37a2ec elementor-widget elementor-widget-image\" data-id=\"4c37a2ec\" data-element_type=\"widget\" data-settings=\"{&quot;_animation&quot;:&quot;none&quot;}\" data-widget_type=\"image.default\">\n\t\t\t\t\t\t\t\t\t\t\t\t\t\t\t<img fetchpriority=\"high\" decoding=\"async\" width=\"1759\" height=\"486\" src=\"https:\/\/altehafnerei.kirchmaier.org\/wp-content\/uploads\/2025\/09\/HhBP86dSbR.jpg\" class=\"attachment-full size-full wp-image-230\" alt=\"\" srcset=\"https:\/\/altehafnerei.kirchmaier.org\/wp-content\/uploads\/2025\/09\/HhBP86dSbR.jpg 1759w, https:\/\/altehafnerei.kirchmaier.org\/wp-content\/uploads\/2025\/09\/HhBP86dSbR-300x83.jpg 300w, https:\/\/altehafnerei.kirchmaier.org\/wp-content\/uploads\/2025\/09\/HhBP86dSbR-1024x283.jpg 1024w, https:\/\/altehafnerei.kirchmaier.org\/wp-content\/uploads\/2025\/09\/HhBP86dSbR-768x212.jpg 768w, https:\/\/altehafnerei.kirchmaier.org\/wp-content\/uploads\/2025\/09\/HhBP86dSbR-1536x424.jpg 1536w\" sizes=\"(max-width: 1759px) 100vw, 1759px\" \/>\t\t\t\t\t\t\t\t\t\t\t\t\t\t\t<\/div>\n\t\t\t\t<div class=\"elementor-element elementor-element-249e58e4 elementor-invisible elementor-widget elementor-widget-heading\" data-id=\"249e58e4\" data-element_type=\"widget\" data-settings=\"{&quot;_animation&quot;:&quot;zoomIn&quot;}\" data-widget_type=\"heading.default\">\n\t\t\t\t\t<h2 class=\"elementor-heading-title elementor-size-default\"><h2 class=\"wp-block-heading\">Erkl\u00e4rung zur Informationspflicht (Datenschutzerkl\u00e4rung)<\/h2><\/h2>\t\t\t\t<\/div>\n\t\t\t\t<div class=\"elementor-element elementor-element-5256f22a elementor-widget__width-initial elementor-widget elementor-widget-text-editor\" data-id=\"5256f22a\" data-element_type=\"widget\" data-widget_type=\"text-editor.default\">\n\t\t\t\t\t\t\t\t\t<p><span style=\"text-decoration: underline;\">1. Grundlagen<\/span><br \/>Diese Datenschutzerkl\u00e4rung betrifft alle Personen, die die Dienstleistungen der Familie Kirchmaier (Alte Hafnerei) nutzen. Wir informieren Sie damit \u00fcber Art, Umfang und Zweck der Erhebung und Verwendung Ihrer personenbezogenen Daten durch unser Unternehmen. Wir achten Ihre Privatsph\u00e4re und sind bestrebt, die gesetzlichen Vorgaben f\u00fcr die Verarbeitung Ihrer personenbezogenen Daten (EU-Verordnung Nr. 679\/2016 (DSGVO), DSG 2000, DSG 2018 und TKG 2003) genau einzuhalten. Alle Ihre personenbezogenen Daten werden auf dieser Grundlage verarbeitet. Verantwortlicher f\u00fcr die Datenverarbeitung ist Frau Nadya Kirchmaier,\u00a0altehafnerei@kirchmaier.org. Mit der Nutzung unserer Dienstleistungen und der Erteilung von Einwilligungen im Sinne dieser Erkl\u00e4rung best\u00e4tigen Sie, dass Sie das 14. Lebensjahr vollendet haben und in der Lage sind, eine zul\u00e4ssige Einwilligung zu erteilen, oder dass bereits eine wirksame Einwilligung Ihres Erziehungsberechtigten oder Ihres Sachwalters vorliegt.<\/p><p><span style=\"text-decoration: underline;\">2. Angaben gem\u00e4\u00df Art 13 DSGVO<\/span><br \/>Ihre personenbezogenen Daten, das sind insbesondere Ihre Stammdaten (Name, Vorname, Adresse, Mail Adresse, Telefon- und Faxnummer, Geburtsdatum, Kundennummer) sowie Sprache und KFZ-Kennzeichen,<br \/>die Daten in Reisedokumenten (Passnummer, Passdaten, Geburtsdatum, ausstellende Beh\u00f6rde, Laufzeit, Nationalit\u00e4t) und Ausweisen (Personalausweis, F\u00fchrerschein etc. samt ausstellender Beh\u00f6rde und Laufzeit),<br \/>die Daten zu Zahlungsart und im Zusammenhang mit Zahlungen, insbesondere mit EC-Karten, Kreditkarten und Bankkarten, die von Ihnen angefragte Aufenthaltsdauer sowie mit dem Aufenthalt zusammenh\u00e4ngende Destinationen, Hotels, Kontaktpersonen, Konditionen, Special Services, Gesundheitsdaten, Vielfliegernummer, pers\u00f6nliche Vorlieben, die Sie uns bekannt geben, und<br \/>besondere Kategorien von Daten wie Gesundheitsdaten sowie Daten \u00fcber besondere Bed\u00fcrfnisse und zu Ehe\/Partnerschaft, werden f\u00fcr unsere Dienstleistungen ben\u00f6tigt. Dazu geh\u00f6ren auch Buchungen von Reisen, Fremdenf\u00fchrern, Gastronomie, Mietfahrzeugen, Transfers, Registraturabwicklungen, Versicherungen, Events, Touren, Akkreditierungen, Gutscheinen einschlie\u00dflich Kundenanlage, Verrechnung und deren \u00dcberpr\u00fcfung (B2B, B2C, FIT), Ticketbuchungen und die Sommercard. Die Datenschutzerkl\u00e4rung f\u00fcr die Sommercard finden Sie\u00a0hier.<br \/>Diese Daten werden deshalb zu diesen Zwecken von uns gespeichert, verarbeitet und, soweit erforderlich, an Dritte, mit denen wir zur Erbringung eines m\u00f6glichst effektiven und bestm\u00f6glichen Service f\u00fcr unsere Kunden, zusammenarbeiten \u2013 dazu k\u00f6nnen auch Dienstleister in Drittstaaten als Auftragsverarbeiter, Software- und Agenturdienstleister geh\u00f6ren \u2013 \u00fcbermittelt.<br \/>Profiling und automatisierte Entscheidungen setzen wir nicht ein. Die Rechtsgrundlagen f\u00fcr diese Datenverarbeitungsprozesse sind die Erf\u00fcllung unserer vorvertraglichen und vertraglichen Verpflichtungen Ihnen gegen\u00fcber,<br \/>von Ihnen eingeholte Einwilligungen, gesetzliche, vertragliche oder sonstige rechtliche Verpflichtungen unsererseits (z.B. Dokumentationsrechte und -pflichten nach dem Rechnungswesen, Steuer- und Zollrecht, Vertragswesen, Meldewesen, Rechtsstreitigkeiten) sowie \u00a7 96 TKG und<br \/>unsere berechtigten Interessen (z.B. die Verbesserung unseres Kundenservice, auch im Bereich der Direktwerbung oder die Wahrnehmung unserer eigenen rechtlichen Interessen). Die Dauer der Speicherung bemisst sich nach der Dauer unserer Gesch\u00e4ftsbeziehung, den von Ihnen erteilten Einwilligungen, dar\u00fcber hinaus nach den f\u00fcr uns geltenden\u00a0 esetzlichen Aufbewahrungspflichten und rechtlichen Verpflichtungen. Wir betonen, dass wir im Fall einer regelm\u00e4\u00dfigen Zusammenarbeit f\u00fcr unser bestm\u00f6gliches Kundenservice bestrebt sind, Ihre bereits an uns \u00fcbermittelten Kundenw\u00fcnsche so gut zu kennen, dass wir Sie laufend und dauerhaft zufriedenstellen k\u00f6nnen.<\/p><p><span style=\"text-decoration: underline;\">3. Unsere Webauftritte<\/span><br \/>Durch den Aufruf unserer Website werden automatisch Ihre Zugriffsdaten erhoben und gespeichert. Diese Zugriffsdaten k\u00f6nnen insbesondere die aufgerufene Seite, die angesehenen Dateien, Datum und Uhrzeit des Aufrufs, IP-Adresse des Benutzers, Daten des aufrufenden Rechners, insbesondere des Browsers und des Betriebssystems, sowie die Datenmenge und die Meldung des erfolgreichen Aufrufs umfassen. Diese Zugriffsdaten werden von uns f\u00fcr interne statistische Zwecke verwendet, um die Sicherheit unseres Angebots zu gew\u00e4hrleisten und um das Angebot zu optimieren. Bei Verdacht einer rechtswidrigen Handlung werden die Zugriffsdaten zur Beweissicherung ausgewertet.<br \/>Mit der Eingabe Ihrer personenbezogenen Daten in eines unserer Kontaktformulare stimmen Sie f\u00fcr die Dauer der Betreuung dieser konkreten Anfrage der \u00dcbermittlung an und Speicherung und Verarbeitung durch uns zu. Dies gilt insbesondere f\u00fcr Ihre Anfragen per Kontakt-Formular, Chat und E-Mails, die Sie uns senden. Wir ben\u00f6tigen diese Daten zur Bearbeitung Ihrer Anfrage und speichern in diesen F\u00e4llen auch Ihre IP-Adresse zu Zwecken der Beweissicherung. Die Speicherung erfolgt solange dies f\u00fcr die Betreuung allf\u00e4lliger erg\u00e4nzender oder nachtr\u00e4glicher gestellter Fragen durch Sie oder uns erforderlich ist.<br \/>Ihre in Formulare oder Anmeldemasken eingegebenen Daten werden \u00fcber eine unverschl\u00fcsselte Internetverbindung \u00fcbertragen (http). F\u00fcr den Verlust von Daten oder den Zugriff Dritter auf Ihre Daten \u00fcbernehmen wir keine Haftung. Die Rechtsgrundlagen f\u00fcr diese Datenverarbeitungen sind Ihre Einwilligung, unsere vorvertraglichen und vertraglichen Verpflichtungen Ihnen gegen\u00fcber, unsere berechtigten Interessen und rechtlichen Verpflichtungen aller Art und \u00a7 96 TKG. Der Inhalt und die Programmierung unserer Website sind urheber- und leistungsschutzrechtlich gesch\u00fctzt. Jede Vervielf\u00e4ltigung \u2013 auch auszugsweise \u2013 und \u00f6ffentliche Wiedergabe, insbesondere das Kopieren von Texten, Grafiken und Fotos, ist ohne unsere vorhergehende schriftliche Zustimmung verboten.<\/p><p><span style=\"text-decoration: underline;\">4. Newsletter<\/span><br \/>Wir verschicken keine Newsletter.<\/p><p><span style=\"text-decoration: underline;\">5. \u00dcbermittlung an Dritte \/ Verpflichtungen von Auftragsverarbeitern<\/span><br \/>Ihre personenbezogenen Daten werden von uns unter Umst\u00e4nden innerhalb des Betriebes unter Ber\u00fccksichtigung der zul\u00e4ssigen Verwendungszwecke, an Auftragsverarbeiter (z.B. f\u00fcr unsere elektronische Werbung in Form von Newslettern) sowie, an Dritte, die f\u00fcr die Erbringung der von Ihnen gew\u00fcnschten Dienstleistungen beigezogen werden m\u00fcssen, die sich alle uns gegen\u00fcber zur Einhaltung der geltenden Datenschutz-Standards verpflichtet haben,<br \/>\u00fcbermittelt. Sollte die Einhaltung europ\u00e4ischer Datenschutz-Standards nicht m\u00f6glich sein \u2013 etwa weil im konkreten Fall Standardvertragsklauseln, Angemessenheitsbeschl\u00fcsse oder Zertifizierungen nicht gew\u00e4hrleistet sind \u2013 kl\u00e4ren wir Sie rechtzeitig auf und holen auch die erforderlichen Einwilligungen von Ihnen ein. F\u00fcr weitere Informationen kontaktieren Sie uns bitte unter\u00a0altehafnerei@kirchmaier.org.<\/p><p><span style=\"text-decoration: underline;\">6. Cookies, Google-Webfonts, Google Maps und Youtube-Videos<\/span><br \/>Wir verwenden Cookies, das sind kleine Textelemente, die zum Speichern von Informationen in Webbrowsern verwendet werden. Cookies werden bei Ihrem n\u00e4chsten Besuch unseres Webauftritts erkannt und tragen erheblich dazu bei, Ladevorg\u00e4nge zu beschleunigen und die Nutzung unserer Angebote komfortabel f\u00fcr Sie zu machen. Ihre von Cookies erkannten und gespeicherten Informationen dienen Ihrer Wiederkennung, aber auch der Analyse Ihres Nutzerverhaltens. Sie werden auf dem Server des jeweiligen Anbieters, der sich als Auftragsverarbeiter uns gegen\u00fcber zur Einhaltung der geltenden Datenschutz-Standards verpflichtet hat, gespeichert.<br \/>Nachdem Sie unseren Webauftritt besucht haben, bleiben Cookies auf Ihrem Endger\u00e4t gespeichert, sofern Sie dies nicht von vornherein verweigern oder Sie Cookies nicht aktiv l\u00f6schen. Das aktive Deaktivieren von Cookies kann die Funktionalit\u00e4t unserer Webauftritte f\u00fcr Sie beeintr\u00e4chtigen. Sie k\u00f6nnen die Speicherung der Cookies auch durch eine entsprechende Einstellung Ihrer Browser-Software verhindern. Wir weisen Sie jedoch darauf hin, dass Sie in diesem Fall gegebenenfalls nicht s\u00e4mtliche Funktionen unserer Website werden nutzen k\u00f6nnen.<br \/>Sie k\u00f6nnen dar\u00fcber hinaus die Weiterleitung der durch das Cookie erzeugten und auf Ihre Nutzung der Website bezogenen Daten (inkl. Ihrer IP-Adresse) an Google sowie die Verarbeitung dieser Daten durch Google verhindern, indem Sie das auf der Website google.com verf\u00fcgbare Browser-Plugin herunterladen und installieren. Das Plug-In ist jedoch nur f\u00fcr bestimmte Browser-Programme verf\u00fcgbar.<br \/>Um die Inhalte unserer Webseiten grafisch ansprechend darzustellen verwenden wir die Schriftbibliothek von Google. Diese Schriften werden um schneller zu Laden in den Cache Ihres Browser \u00fcbernommen. Durch den Aufruf der Schriftbibliothek wird einen Verbindung zum Betreiber der Bibliothek hergestellt. Es ist theoretisch m\u00f6glich, dass der Betreiber Daten ausliest.<br \/>Um geographische Informationen darzustellen verwenden diese Webseiten Google Maps API. Hierbei werden von Google Daten \u00fcber die Nutzung der Kartenfunktion durch die Besucher erhoben, genutzt und verarbeitet.<br \/>Die entsprechende Datenschutzlichtlinien finden Sie unter:\u00a0https:\/\/policies.google.com\/privacy?hl=de.<\/p><p><span style=\"text-decoration: underline;\">7. Kontakt<\/span><br \/>Sie k\u00f6nnen jederzeit unentgeltlich Auskunft \u00fcber Ihre personenbezogenen Daten, die von uns gespeichert werden, verlangen. Sie haben als Betroffener auch das Recht auf Widerruf, Auskunft, L\u00f6schung, Richtigstellung, Einschr\u00e4nkung und \u00dcbertragung Ihrer personenbezogenen Daten, soweit dem keine gesetzliche Aufbewahrungspflicht unsererseits gegen\u00fcbersteht.<br \/>F\u00fcr n\u00e4here Informationen zu Ihren Rechten als Betroffener kontaktieren Sie uns bitte unter\u00a0altehafnerei@kirchmaier.org .<br \/>Wir helfen Ihnen gerne weiter. F\u00fcr Beschwerden ist als Aufsichtsbeh\u00f6rde die \u00d6sterreichische Datenschutzbeh\u00f6rde (DSB), Wickenburggasse 8-10, 1080 Wien, zust\u00e4ndig.<\/p><p><span style=\"text-decoration: underline;\">8. Sonstiges<\/span><br \/>Wir haben organisatorische und technische Schutzma\u00dfnahmen, die wir laufend evaluieren und bei Bedarf anpassen, implementiert, um Ihre von uns gespeicherten und verarbeiteten personenbezogenen Daten zu sch\u00fctzen.<br \/>Wir behalten uns vor, diese Datenschutzerkl\u00e4rung jederzeit zu \u00e4ndern und an neue Entwicklungen anzupassen. Die neue Fassung gilt ab Bereitstellung auf unserer Website. Die aktuelle Fassung der Datenschutzerkl\u00e4rung ebenso wie unser Impressum ist jederzeit auf der Website unter\u00a0<a href=\"http:\/\/www.altehafnerei.kirchmaier.org\">www.altehafnerei.kirchmaier.org<\/a>\u00a0abrufbar.<\/p>\t\t\t\t\t\t\t\t<\/div>\n\t\t\t\t<\/div>\n\t\t\t\t<\/div>\n\t\t","protected":false},"excerpt":{"rendered":"<p>Erkl\u00e4rung zur Informationspflicht (Datenschutzerkl\u00e4rung) 1. GrundlagenDiese Datenschutzerkl\u00e4rung betrifft alle Personen, die die Dienstleistungen der Familie Kirchmaier (Alte Hafnerei) nutzen. Wir informieren Sie damit \u00fcber Art, Umfang und Zweck der Erhebung und Verwendung Ihrer personenbezogenen Daten durch unser Unternehmen. Wir achten Ihre Privatsph\u00e4re und sind bestrebt, die gesetzlichen Vorgaben f\u00fcr die Verarbeitung Ihrer personenbezogenen Daten (EU-Verordnung [&hellip;]<\/p>\n","protected":false},"author":1,"featured_media":0,"parent":0,"menu_order":0,"comment_status":"closed","ping_status":"closed","template":"","meta":{"footnotes":""},"class_list":["post-234","page","type-page","status-publish","hentry"],"_links":{"self":[{"href":"https:\/\/altehafnerei.kirchmaier.org\/index.php\/wp-json\/wp\/v2\/pages\/234","targetHints":{"allow":["GET"]}}],"collection":[{"href":"https:\/\/altehafnerei.kirchmaier.org\/index.php\/wp-json\/wp\/v2\/pages"}],"about":[{"href":"https:\/\/altehafnerei.kirchmaier.org\/index.php\/wp-json\/wp\/v2\/types\/page"}],"author":[{"embeddable":true,"href":"https:\/\/altehafnerei.kirchmaier.org\/index.php\/wp-json\/wp\/v2\/users\/1"}],"replies":[{"embeddable":true,"href":"https:\/\/altehafnerei.kirchmaier.org\/index.php\/wp-json\/wp\/v2\/comments?post=234"}],"version-history":[{"count":11,"href":"https:\/\/altehafnerei.kirchmaier.org\/index.php\/wp-json\/wp\/v2\/pages\/234\/revisions"}],"predecessor-version":[{"id":245,"href":"https:\/\/altehafnerei.kirchmaier.org\/index.php\/wp-json\/wp\/v2\/pages\/234\/revisions\/245"}],"wp:attachment":[{"href":"https:\/\/altehafnerei.kirchmaier.org\/index.php\/wp-json\/wp\/v2\/media?parent=234"}],"curies":[{"name":"wp","href":"https:\/\/api.w.org\/{rel}","templated":true}]}}