{"id":116,"date":"2025-09-15T14:57:01","date_gmt":"2025-09-15T12:57:01","guid":{"rendered":"https:\/\/altehafnerei.kirchmaier.org\/?page_id=116"},"modified":"2025-09-17T12:31:12","modified_gmt":"2025-09-17T10:31:12","slug":"impressum","status":"publish","type":"page","link":"https:\/\/altehafnerei.kirchmaier.org\/index.php\/impressum\/","title":{"rendered":"Impressum"},"content":{"rendered":"\t\t<div data-elementor-type=\"wp-page\" data-elementor-id=\"116\" class=\"elementor elementor-116\">\n\t\t\t\t<div class=\"elementor-element elementor-element-50532e74 e-con-full e-flex e-con e-parent\" data-id=\"50532e74\" data-element_type=\"container\">\n\t\t\t\t<div class=\"elementor-element elementor-element-76660b6d elementor-widget elementor-widget-image\" data-id=\"76660b6d\" data-element_type=\"widget\" data-settings=\"{&quot;_animation&quot;:&quot;none&quot;}\" data-widget_type=\"image.default\">\n\t\t\t\t\t\t\t\t\t\t\t\t\t\t\t<img fetchpriority=\"high\" decoding=\"async\" width=\"1759\" height=\"486\" src=\"https:\/\/altehafnerei.kirchmaier.org\/wp-content\/uploads\/2025\/09\/HhBP86dSbR.jpg\" class=\"attachment-full size-full wp-image-230\" alt=\"\" srcset=\"https:\/\/altehafnerei.kirchmaier.org\/wp-content\/uploads\/2025\/09\/HhBP86dSbR.jpg 1759w, https:\/\/altehafnerei.kirchmaier.org\/wp-content\/uploads\/2025\/09\/HhBP86dSbR-300x83.jpg 300w, https:\/\/altehafnerei.kirchmaier.org\/wp-content\/uploads\/2025\/09\/HhBP86dSbR-1024x283.jpg 1024w, https:\/\/altehafnerei.kirchmaier.org\/wp-content\/uploads\/2025\/09\/HhBP86dSbR-768x212.jpg 768w, https:\/\/altehafnerei.kirchmaier.org\/wp-content\/uploads\/2025\/09\/HhBP86dSbR-1536x424.jpg 1536w\" sizes=\"(max-width: 1759px) 100vw, 1759px\" \/>\t\t\t\t\t\t\t\t\t\t\t\t\t\t\t<\/div>\n\t\t\t\t<div class=\"elementor-element elementor-element-1ded1220 elementor-invisible elementor-widget elementor-widget-heading\" data-id=\"1ded1220\" data-element_type=\"widget\" data-settings=\"{&quot;_animation&quot;:&quot;zoomIn&quot;}\" data-widget_type=\"heading.default\">\n\t\t\t\t\t<h2 class=\"elementor-heading-title elementor-size-default\">Impressum<\/h2>\t\t\t\t<\/div>\n\t\t\t\t<div class=\"elementor-element elementor-element-45552d5b elementor-widget elementor-widget-text-editor\" data-id=\"45552d5b\" data-element_type=\"widget\" data-widget_type=\"text-editor.default\">\n\t\t\t\t\t\t\t\t\t<div class=\"page-content\"><h3 class=\"wp-block-heading\">Medieninhaber und Herausgeber<\/h3><p>Alte Hafnerei<br \/>Nadya Kirchmaier<\/p><p>Talbachgasse 111<br \/>8970 Schladming<\/p><p>\u00d6sterreich<\/p><p>E-Mail:\u00a0<a href=\"mailto:altehafnerei@kirchmaier.org\">altehafnerei@kirchmaier.org<\/a><\/p><p>Internet: <a href=\"http:\/\/www.altehafnerei.kirchmaier.org\">www.altehafnerei.kirchmaier.org<\/a><\/p><h3 class=\"wp-block-heading\">Haftungsausschluss<\/h3><h4 class=\"wp-block-heading\">Allgemein<\/h4><p>Alle Informationen und Erkl\u00e4rungen dieser Internetseiten sind unverbindlich. Der Medieninhaber sowie der Ersteller der Website \u00fcbernehmen f\u00fcr die Richtigkeit, Aktualit\u00e4t und Vollst\u00e4ndigkeit der Inhalte keine Gew\u00e4hr. Es ergeben sich keine Rechtsanspr\u00fcche aus den Inhalten der Internetseiten.<\/p><p>Alle Angebote und Preise sind freibleibend und unverbindlich.<\/p><p>Die Rechtsbeziehung, welche durch die Nutzung der Internetseiten entstanden ist, unterliegt dem Recht der Bundesrepublik \u00d6sterreich. Bei Rechtsstreitigkeiten, die sich aus der Nutzung dieser Website ergeben, ist der Gerichtsstand Schladming.<\/p><h4 class=\"wp-block-heading\">Verweise bzw. Links<\/h4><p>Bei Verweisen auf fremde Internetseiten (\u201eLinks\u201c), die au\u00dferhalb unseres Verantwortungsbereiches liegen, w\u00fcrde eine Haftungsverpflichtung ausschlie\u00dflich in dem Fall in Kraft treten, in dem wir von den Inhalten wissen und es uns m\u00f6glich und zumutbar w\u00e4re, die Nutzung im Falle rechtswidriger Inhalte zu verhindern. Hiermit erkl\u00e4ren wir ausdr\u00fccklich, dass zum Zeitpunkt der Linksetzung keine illegalen Inhalte auf den verlinkten Seiten erkennbar waren.<\/p><p>Auf die aktuelle und zuk\u00fcnftige Gestaltung, die Inhalte oder die Urheberschaft der verlinkten Seiten haben wir keinerlei Einfluss. Sollten diese verlinkten Seiten Inhalte rechtswidriger Art enthalten oder auch moralisch bedenklich sein, so distanzieren wir uns hiermit von diesen Inhalten und bitten darum uns davon in Kenntnis zu setzen und diese Links werden sofort aus dem Internetangebot entfernt.<\/p><h3 class=\"wp-block-heading\">Datenschutz<\/h3><p>Bitte lesen Sie unsere\u00a0<a href=\"https:\/\/altehafnerei.kirchmaier.org\/index.php\/daten\/\" data-type=\"page\" data-id=\"40\">Datenschutzerkl\u00e4rung<\/a>.<\/p><div>\u00a0<\/div><\/div>\t\t\t\t\t\t\t\t<\/div>\n\t\t\t\t<\/div>\n\t\t\t\t<\/div>\n\t\t","protected":false},"excerpt":{"rendered":"<p>Impressum Medieninhaber und Herausgeber Alte HafnereiNadya Kirchmaier Talbachgasse 1118970 Schladming \u00d6sterreich E-Mail:\u00a0altehafnerei@kirchmaier.org Internet: www.altehafnerei.kirchmaier.org Haftungsausschluss Allgemein Alle Informationen und Erkl\u00e4rungen dieser Internetseiten sind unverbindlich. Der Medieninhaber sowie der Ersteller der Website \u00fcbernehmen f\u00fcr die Richtigkeit, Aktualit\u00e4t und Vollst\u00e4ndigkeit der Inhalte keine Gew\u00e4hr. Es ergeben sich keine Rechtsanspr\u00fcche aus den Inhalten der Internetseiten. Alle Angebote und [&hellip;]<\/p>\n","protected":false},"author":1,"featured_media":0,"parent":0,"menu_order":0,"comment_status":"closed","ping_status":"closed","template":"","meta":{"footnotes":""},"class_list":["post-116","page","type-page","status-publish","hentry"],"_links":{"self":[{"href":"https:\/\/altehafnerei.kirchmaier.org\/index.php\/wp-json\/wp\/v2\/pages\/116","targetHints":{"allow":["GET"]}}],"collection":[{"href":"https:\/\/altehafnerei.kirchmaier.org\/index.php\/wp-json\/wp\/v2\/pages"}],"about":[{"href":"https:\/\/altehafnerei.kirchmaier.org\/index.php\/wp-json\/wp\/v2\/types\/page"}],"author":[{"embeddable":true,"href":"https:\/\/altehafnerei.kirchmaier.org\/index.php\/wp-json\/wp\/v2\/users\/1"}],"replies":[{"embeddable":true,"href":"https:\/\/altehafnerei.kirchmaier.org\/index.php\/wp-json\/wp\/v2\/comments?post=116"}],"version-history":[{"count":10,"href":"https:\/\/altehafnerei.kirchmaier.org\/index.php\/wp-json\/wp\/v2\/pages\/116\/revisions"}],"predecessor-version":[{"id":252,"href":"https:\/\/altehafnerei.kirchmaier.org\/index.php\/wp-json\/wp\/v2\/pages\/116\/revisions\/252"}],"wp:attachment":[{"href":"https:\/\/altehafnerei.kirchmaier.org\/index.php\/wp-json\/wp\/v2\/media?parent=116"}],"curies":[{"name":"wp","href":"https:\/\/api.w.org\/{rel}","templated":true}]}}