{"id":101,"date":"2025-09-15T14:50:37","date_gmt":"2025-09-15T12:50:37","guid":{"rendered":"https:\/\/altehafnerei.kirchmaier.org\/?page_id=101"},"modified":"2025-09-28T20:05:27","modified_gmt":"2025-09-28T18:05:27","slug":"ueber-uns-2","status":"publish","type":"page","link":"https:\/\/altehafnerei.kirchmaier.org\/index.php\/ueber-uns-2\/","title":{"rendered":"\u00dcber uns"},"content":{"rendered":"\t\t<div data-elementor-type=\"wp-page\" data-elementor-id=\"101\" class=\"elementor elementor-101\">\n\t\t\t\t<div class=\"elementor-element elementor-element-2118f136 e-con-full e-flex e-con e-parent\" data-id=\"2118f136\" data-element_type=\"container\">\n\t\t\t\t<div class=\"elementor-element elementor-element-7c413fd9 elementor-widget elementor-widget-image\" data-id=\"7c413fd9\" data-element_type=\"widget\" data-settings=\"{&quot;_animation&quot;:&quot;none&quot;}\" data-widget_type=\"image.default\">\n\t\t\t\t\t\t\t\t\t\t\t\t\t\t\t<img fetchpriority=\"high\" decoding=\"async\" width=\"1759\" height=\"486\" src=\"https:\/\/altehafnerei.kirchmaier.org\/wp-content\/uploads\/2025\/09\/HhBP86dSbR.jpg\" class=\"attachment-full size-full wp-image-230\" alt=\"\" srcset=\"https:\/\/altehafnerei.kirchmaier.org\/wp-content\/uploads\/2025\/09\/HhBP86dSbR.jpg 1759w, https:\/\/altehafnerei.kirchmaier.org\/wp-content\/uploads\/2025\/09\/HhBP86dSbR-300x83.jpg 300w, https:\/\/altehafnerei.kirchmaier.org\/wp-content\/uploads\/2025\/09\/HhBP86dSbR-1024x283.jpg 1024w, https:\/\/altehafnerei.kirchmaier.org\/wp-content\/uploads\/2025\/09\/HhBP86dSbR-768x212.jpg 768w, https:\/\/altehafnerei.kirchmaier.org\/wp-content\/uploads\/2025\/09\/HhBP86dSbR-1536x424.jpg 1536w\" sizes=\"(max-width: 1759px) 100vw, 1759px\" \/>\t\t\t\t\t\t\t\t\t\t\t\t\t\t\t<\/div>\n\t\t\t\t<div class=\"elementor-element elementor-element-2080c1c3 elementor-invisible elementor-widget elementor-widget-heading\" data-id=\"2080c1c3\" data-element_type=\"widget\" data-settings=\"{&quot;_animation&quot;:&quot;zoomIn&quot;}\" data-widget_type=\"heading.default\">\n\t\t\t\t\t<h2 class=\"elementor-heading-title elementor-size-default\">\u00dcber uns<\/h2>\t\t\t\t<\/div>\n\t\t\t\t<div class=\"elementor-element elementor-element-13ec8d85 elementor-widget__width-initial elementor-widget elementor-widget-text-editor\" data-id=\"13ec8d85\" data-element_type=\"widget\" data-widget_type=\"text-editor.default\">\n\t\t\t\t\t\t\t\t\t<p class=\"has-medium-font-size\">Unser Haus blickt auf eine lange Geschichte zur\u00fcck: Bereits im Jahr 1742 wurde es als Hafnerei errichtet und befindet sich nun schon in der 5. Generation in Familienbesitz. Heute bewohne ich es mit meinem Mann und unseren beiden Kindern \u2013\nund wir freuen uns sehr, dieses besondere St\u00fcck Tradition mit dir zu teilen.<\/p>\n&nbsp;\n<p class=\"has-medium-font-size\">Der Urlaub ist die sch\u00f6nste Zeit des Jahres. Mein Anspruch ist es, dir unvergessliche Momente zu schenken. Dabei greife ich auf meine 15 Jahre Hotelerfahrung in Europa, Asien und den USA zur\u00fcck, in denen ich gelernt habe, worauf es wirklich ankommt: echte Gastfreundschaft, ein Auge f\u00fcrs Detail und das Gef\u00fchl, willkommen zu sein.<\/p>\n<p class=\"has-medium-font-size\">\nGeschichtsinteressierte finden untenstehend die Fotos des urspr\u00fcnglichen Geb\u00e4udes sowie den Link zur Geschichte der Goldhaube von Anna Maria Aschauer, der Hafnerin, die bis 1845 mit ihrem Mann das Haus bewohnte. <\/p>\n\n<a href=\"https:\/\/www.ennstalwiki.at\/wiki\/index.php\/Eine_Goldhaube_f%C3%BCr_das_Stadtmuseum_Schladming\">Eine Goldhaube f\u00fcr das Stadtmuseum Schladming \u2013 EnnstalWiki<\/a>\n\n&nbsp;\n\n&nbsp;\t\t\t\t\t\t\t\t<\/div>\n\t\t\t\t<\/div>\n\t\t<div class=\"elementor-element elementor-element-774efca e-flex e-con-boxed e-con e-parent\" data-id=\"774efca\" data-element_type=\"container\">\n\t\t\t\t\t<div class=\"e-con-inner\">\n\t\t\t\t<div class=\"elementor-element elementor-element-cdd14ee elementor-widget elementor-widget-spacer\" data-id=\"cdd14ee\" data-element_type=\"widget\" data-widget_type=\"spacer.default\">\n\t\t\t\t\t\t\t<div class=\"elementor-spacer\">\n\t\t\t<div class=\"elementor-spacer-inner\"><\/div>\n\t\t<\/div>\n\t\t\t\t\t\t<\/div>\n\t\t\t\t\t<\/div>\n\t\t\t\t<\/div>\n\t\t<div class=\"elementor-element elementor-element-99e5a75 e-grid e-con-boxed e-con e-parent\" data-id=\"99e5a75\" data-element_type=\"container\">\n\t\t\t\t\t<div class=\"e-con-inner\">\n\t\t\t\t<div class=\"elementor-element elementor-element-945ca49 elementor-widget elementor-widget-image\" data-id=\"945ca49\" data-element_type=\"widget\" data-widget_type=\"image.default\">\n\t\t\t\t\t\t\t\t\t\t\t\t<figure class=\"wp-caption\">\n\t\t\t\t\t\t\t\t\t\t\t<a href=\"https:\/\/altehafnerei.kirchmaier.org\/wp-content\/uploads\/2025\/09\/hafnerei_alt4.jpg\" data-elementor-open-lightbox=\"yes\" data-elementor-lightbox-title=\"hafnerei_alt4\" data-e-action-hash=\"#elementor-action%3Aaction%3Dlightbox%26settings%3DeyJpZCI6MjYsInVybCI6Imh0dHBzOlwvXC9hbHRlaGFmbmVyZWkua2lyY2htYWllci5vcmdcL3dwLWNvbnRlbnRcL3VwbG9hZHNcLzIwMjVcLzA5XC9oYWZuZXJlaV9hbHQ0LmpwZyJ9\">\n\t\t\t\t\t\t\t<img decoding=\"async\" width=\"800\" height=\"786\" src=\"https:\/\/altehafnerei.kirchmaier.org\/wp-content\/uploads\/2025\/09\/hafnerei_alt4.jpg\" class=\"attachment-large size-large wp-image-26\" alt=\"\" srcset=\"https:\/\/altehafnerei.kirchmaier.org\/wp-content\/uploads\/2025\/09\/hafnerei_alt4.jpg 850w, https:\/\/altehafnerei.kirchmaier.org\/wp-content\/uploads\/2025\/09\/hafnerei_alt4-300x295.jpg 300w, https:\/\/altehafnerei.kirchmaier.org\/wp-content\/uploads\/2025\/09\/hafnerei_alt4-768x754.jpg 768w\" sizes=\"(max-width: 800px) 100vw, 800px\" \/>\t\t\t\t\t\t\t\t<\/a>\n\t\t\t\t\t\t\t\t\t\t\t<figcaption class=\"widget-image-caption wp-caption-text\">Wohnhaus ca. 1940 Richtung Talbachklamm<\/figcaption>\n\t\t\t\t\t\t\t\t\t\t<\/figure>\n\t\t\t\t\t\t\t\t\t<\/div>\n\t\t\t\t<div class=\"elementor-element elementor-element-8a7f587 elementor-widget elementor-widget-image\" data-id=\"8a7f587\" data-element_type=\"widget\" data-widget_type=\"image.default\">\n\t\t\t\t\t\t\t\t\t\t\t\t<figure class=\"wp-caption\">\n\t\t\t\t\t\t\t\t\t\t\t<a href=\"https:\/\/altehafnerei.kirchmaier.org\/wp-content\/uploads\/2025\/09\/hafnerei_alt-scaled.jpg\" data-elementor-open-lightbox=\"yes\" data-elementor-lightbox-title=\"hafnerei_alt\" data-e-action-hash=\"#elementor-action%3Aaction%3Dlightbox%26settings%3DeyJpZCI6MTgsInVybCI6Imh0dHBzOlwvXC9hbHRlaGFmbmVyZWkua2lyY2htYWllci5vcmdcL3dwLWNvbnRlbnRcL3VwbG9hZHNcLzIwMjVcLzA5XC9oYWZuZXJlaV9hbHQtc2NhbGVkLmpwZyJ9\">\n\t\t\t\t\t\t\t<img decoding=\"async\" width=\"800\" height=\"570\" src=\"https:\/\/altehafnerei.kirchmaier.org\/wp-content\/uploads\/2025\/09\/hafnerei_alt-1024x729.jpg\" class=\"attachment-large size-large wp-image-18\" alt=\"\" srcset=\"https:\/\/altehafnerei.kirchmaier.org\/wp-content\/uploads\/2025\/09\/hafnerei_alt-1024x729.jpg 1024w, https:\/\/altehafnerei.kirchmaier.org\/wp-content\/uploads\/2025\/09\/hafnerei_alt-300x214.jpg 300w, https:\/\/altehafnerei.kirchmaier.org\/wp-content\/uploads\/2025\/09\/hafnerei_alt-768x547.jpg 768w, https:\/\/altehafnerei.kirchmaier.org\/wp-content\/uploads\/2025\/09\/hafnerei_alt-1536x1093.jpg 1536w, https:\/\/altehafnerei.kirchmaier.org\/wp-content\/uploads\/2025\/09\/hafnerei_alt-2048x1458.jpg 2048w\" sizes=\"(max-width: 800px) 100vw, 800px\" \/>\t\t\t\t\t\t\t\t<\/a>\n\t\t\t\t\t\t\t\t\t\t\t<figcaption class=\"widget-image-caption wp-caption-text\">Alte Hafnerei ca. 1900 mit heutigem Museum im links im  Bild<\/figcaption>\n\t\t\t\t\t\t\t\t\t\t<\/figure>\n\t\t\t\t\t\t\t\t\t<\/div>\n\t\t\t\t<div class=\"elementor-element elementor-element-932f545 elementor-widget elementor-widget-image\" data-id=\"932f545\" data-element_type=\"widget\" data-widget_type=\"image.default\">\n\t\t\t\t\t\t\t\t\t\t\t\t<figure class=\"wp-caption\">\n\t\t\t\t\t\t\t\t\t\t\t<a href=\"https:\/\/altehafnerei.kirchmaier.org\/wp-content\/uploads\/2025\/09\/hafnerei_alt3.jpg\" data-elementor-open-lightbox=\"yes\" data-elementor-lightbox-title=\"hafnerei_alt3\" data-e-action-hash=\"#elementor-action%3Aaction%3Dlightbox%26settings%3DeyJpZCI6MjcsInVybCI6Imh0dHBzOlwvXC9hbHRlaGFmbmVyZWkua2lyY2htYWllci5vcmdcL3dwLWNvbnRlbnRcL3VwbG9hZHNcLzIwMjVcLzA5XC9oYWZuZXJlaV9hbHQzLmpwZyJ9\">\n\t\t\t\t\t\t\t<img loading=\"lazy\" decoding=\"async\" width=\"800\" height=\"781\" src=\"https:\/\/altehafnerei.kirchmaier.org\/wp-content\/uploads\/2025\/09\/hafnerei_alt3-1024x1000.jpg\" class=\"attachment-large size-large wp-image-27\" alt=\"\" srcset=\"https:\/\/altehafnerei.kirchmaier.org\/wp-content\/uploads\/2025\/09\/hafnerei_alt3-1024x1000.jpg 1024w, https:\/\/altehafnerei.kirchmaier.org\/wp-content\/uploads\/2025\/09\/hafnerei_alt3-300x293.jpg 300w, https:\/\/altehafnerei.kirchmaier.org\/wp-content\/uploads\/2025\/09\/hafnerei_alt3-768x750.jpg 768w, https:\/\/altehafnerei.kirchmaier.org\/wp-content\/uploads\/2025\/09\/hafnerei_alt3.jpg 1280w\" sizes=\"(max-width: 800px) 100vw, 800px\" \/>\t\t\t\t\t\t\t\t<\/a>\n\t\t\t\t\t\t\t\t\t\t\t<figcaption class=\"widget-image-caption wp-caption-text\">Wohnhaus  ca. 1940 Richtung Museum<\/figcaption>\n\t\t\t\t\t\t\t\t\t\t<\/figure>\n\t\t\t\t\t\t\t\t\t<\/div>\n\t\t\t\t\t<\/div>\n\t\t\t\t<\/div>\n\t\t<div class=\"elementor-element elementor-element-acca2eb e-flex e-con-boxed e-con e-parent\" data-id=\"acca2eb\" data-element_type=\"container\">\n\t\t\t\t\t<div class=\"e-con-inner\">\n\t\t\t\t\t<\/div>\n\t\t\t\t<\/div>\n\t\t\t\t<\/div>\n\t\t","protected":false},"excerpt":{"rendered":"<p>\u00dcber uns Unser Haus blickt auf eine lange Geschichte zur\u00fcck: Bereits im Jahr 1742 wurde es als Hafnerei errichtet und befindet sich nun schon in der 5. Generation in Familienbesitz. Heute bewohne ich es mit meinem Mann und unseren beiden Kindern \u2013 und wir freuen uns sehr, dieses besondere St\u00fcck Tradition mit dir zu teilen. [&hellip;]<\/p>\n","protected":false},"author":1,"featured_media":0,"parent":0,"menu_order":1,"comment_status":"closed","ping_status":"closed","template":"","meta":{"footnotes":""},"class_list":["post-101","page","type-page","status-publish","hentry"],"_links":{"self":[{"href":"https:\/\/altehafnerei.kirchmaier.org\/index.php\/wp-json\/wp\/v2\/pages\/101","targetHints":{"allow":["GET"]}}],"collection":[{"href":"https:\/\/altehafnerei.kirchmaier.org\/index.php\/wp-json\/wp\/v2\/pages"}],"about":[{"href":"https:\/\/altehafnerei.kirchmaier.org\/index.php\/wp-json\/wp\/v2\/types\/page"}],"author":[{"embeddable":true,"href":"https:\/\/altehafnerei.kirchmaier.org\/index.php\/wp-json\/wp\/v2\/users\/1"}],"replies":[{"embeddable":true,"href":"https:\/\/altehafnerei.kirchmaier.org\/index.php\/wp-json\/wp\/v2\/comments?post=101"}],"version-history":[{"count":34,"href":"https:\/\/altehafnerei.kirchmaier.org\/index.php\/wp-json\/wp\/v2\/pages\/101\/revisions"}],"predecessor-version":[{"id":294,"href":"https:\/\/altehafnerei.kirchmaier.org\/index.php\/wp-json\/wp\/v2\/pages\/101\/revisions\/294"}],"wp:attachment":[{"href":"https:\/\/altehafnerei.kirchmaier.org\/index.php\/wp-json\/wp\/v2\/media?parent=101"}],"curies":[{"name":"wp","href":"https:\/\/api.w.org\/{rel}","templated":true}]}}